{"id":1473,"date":"2022-08-24T06:28:10","date_gmt":"2022-08-24T06:28:10","guid":{"rendered":"https:\/\/van-gogh.es\/home\/"},"modified":"2025-07-14T11:54:02","modified_gmt":"2025-07-14T09:54:02","slug":"home2","status":"publish","type":"page","link":"https:\/\/van-gogh.es\/en\/home2\/","title":{"rendered":"Home"},"content":{"rendered":"\t\t<div data-elementor-type=\"wp-page\" data-elementor-id=\"1473\" class=\"elementor elementor-1473\" data-elementor-post-type=\"page\">\n\t\t\t\t\t\t<section class=\"elementor-section elementor-top-section elementor-element elementor-element-6d49d75 elementor-section-boxed elementor-section-height-default elementor-section-height-default\" data-id=\"6d49d75\" data-element_type=\"section\" data-settings=\"{&quot;background_background&quot;:&quot;video&quot;,&quot;background_play_on_mobile&quot;:&quot;yes&quot;,&quot;background_video_link&quot;:&quot;https:\\\/\\\/www.youtube.com\\\/watch?v=YoFeelpVNR0&quot;}\">\n\t\t\t\t\t\t\t\t<div class=\"elementor-background-video-container\" aria-hidden=\"true\">\n\t\t\t\t\t\t\t\t\t\t\t\t\t<div class=\"elementor-background-video-embed\"><\/div>\n\t\t\t\t\t\t\t\t\t\t\t\t<\/div>\n\t\t\t\t\t\t\t\t<div class=\"elementor-container elementor-column-gap-no\">\n\t\t\t\t\t<div class=\"elementor-column elementor-col-100 elementor-top-column elementor-element elementor-element-b5ba046\" data-id=\"b5ba046\" data-element_type=\"column\">\n\t\t\t<div class=\"elementor-widget-wrap elementor-element-populated\">\n\t\t\t\t\t\t<div class=\"elementor-element elementor-element-b2cdc42 elementor-widget__width-initial elementor-widget elementor-widget-video\" data-id=\"b2cdc42\" data-element_type=\"widget\" data-settings=\"{&quot;youtube_url&quot;:&quot;https:\\\/\\\/www.youtube.com\\\/watch?v=YoFeelpVNR0&quot;,&quot;autoplay&quot;:&quot;yes&quot;,&quot;play_on_mobile&quot;:&quot;yes&quot;,&quot;mute&quot;:&quot;yes&quot;,&quot;loop&quot;:&quot;yes&quot;,&quot;show_image_overlay&quot;:&quot;yes&quot;,&quot;image_overlay&quot;:{&quot;url&quot;:&quot;https:\\\/\\\/van-gogh.es\\\/wp-content\\\/uploads\\\/2022\\\/09\\\/Comp-1-0-00-00-00_2-kopia.jpeg&quot;,&quot;id&quot;:1445,&quot;size&quot;:&quot;&quot;,&quot;alt&quot;:&quot;&quot;,&quot;source&quot;:&quot;library&quot;},&quot;video_type&quot;:&quot;youtube&quot;}\" data-widget_type=\"video.default\">\n\t\t\t\t<div class=\"elementor-widget-container\">\n\t\t\t\t\t\t\t<div class=\"elementor-wrapper elementor-open-inline\">\n\t\t\t<div class=\"elementor-video\"><\/div>\t\t\t\t<div class=\"elementor-custom-embed-image-overlay\" style=\"background-image: url(https:\/\/van-gogh.es\/wp-content\/uploads\/2022\/09\/Comp-1-0-00-00-00_2-kopia.jpeg);\">\n\t\t\t\t\t\t\t\t\t\t\t\t\t\t<\/div>\n\t\t\t\t\t<\/div>\n\t\t\t\t\t\t<\/div>\n\t\t\t\t<\/div>\n\t\t\t\t\t<\/div>\n\t\t<\/div>\n\t\t\t\t\t<\/div>\n\t\t<\/section>\n\t\t\t\t<section class=\"elementor-section elementor-top-section elementor-element elementor-element-3a08f4a elementor-section-full_width elementor-section-height-min-height elementor-section-height-default elementor-section-items-middle\" data-id=\"3a08f4a\" data-element_type=\"section\" data-settings=\"{&quot;background_background&quot;:&quot;classic&quot;}\">\n\t\t\t\t\t\t\t<div class=\"elementor-background-overlay\"><\/div>\n\t\t\t\t\t\t\t<div class=\"elementor-container elementor-column-gap-default\">\n\t\t\t\t\t<div class=\"elementor-column elementor-col-50 elementor-top-column elementor-element elementor-element-d9a7304\" data-id=\"d9a7304\" data-element_type=\"column\">\n\t\t\t<div class=\"elementor-widget-wrap elementor-element-populated\">\n\t\t\t\t\t\t<div class=\"elementor-element elementor-element-c924789 elementor-widget elementor-widget-video\" data-id=\"c924789\" data-element_type=\"widget\" data-settings=\"{&quot;youtube_url&quot;:&quot;https:\\\/\\\/www.youtube.com\\\/watch?v=wWoYYx05nPw&quot;,&quot;loop&quot;:&quot;yes&quot;,&quot;play_on_mobile&quot;:&quot;yes&quot;,&quot;autoplay&quot;:&quot;yes&quot;,&quot;video_type&quot;:&quot;youtube&quot;}\" data-widget_type=\"video.default\">\n\t\t\t\t<div class=\"elementor-widget-container\">\n\t\t\t\t\t\t\t<div class=\"elementor-wrapper elementor-open-inline\">\n\t\t\t<div class=\"elementor-video\"><\/div>\t\t<\/div>\n\t\t\t\t\t\t<\/div>\n\t\t\t\t<\/div>\n\t\t\t\t\t<\/div>\n\t\t<\/div>\n\t\t\t\t<div class=\"elementor-column elementor-col-50 elementor-top-column elementor-element elementor-element-d602beb\" data-id=\"d602beb\" data-element_type=\"column\">\n\t\t\t<div class=\"elementor-widget-wrap elementor-element-populated\">\n\t\t\t\t\t\t<div class=\"elementor-element elementor-element-c1eab4a elementor-widget__width-initial elementor-widget elementor-widget-heading\" data-id=\"c1eab4a\" data-element_type=\"widget\" data-widget_type=\"heading.default\">\n\t\t\t\t<div class=\"elementor-widget-container\">\n\t\t\t\t\t<h2 class=\"elementor-heading-title elementor-size-medium\">Immersive exposition VAN GOGH \"GRANDES \u00c9XITOS\" from the 5th of June to the 21st of September in Palacio de Exposiciones y Congresos, ESTEPONA (M\u00e1laga)<\/h2>\t\t\t\t<\/div>\n\t\t\t\t<\/div>\n\t\t\t\t<div class=\"elementor-element elementor-element-d78229a elementor-widget elementor-widget-text-editor\" data-id=\"d78229a\" data-element_type=\"widget\" data-widget_type=\"text-editor.default\">\n\t\t\t\t<div class=\"elementor-widget-container\">\n\t\t\t\t\t\t\t\t\t<p><span style=\"font-weight: 400;\">After achieving great success in major cities worldwide, now it&#8217;s time for <strong>VAN GOGH &#8220;GRANDES \u00c9XITOS&#8221;<\/strong> to arrive in your city. Don&#8217;t miss this immersive experience that combines art and technology. The global immersive exhibition of the great works by VINCENT VAN GOGH will be held in ESTEPONA (M\u00e1laga) this year <strong>2025<\/strong>.<\/span><span style=\"font-weight: 400;\"><br><\/span><\/p>\t\t\t\t\t\t\t\t<\/div>\n\t\t\t\t<\/div>\n\t\t\t\t<div class=\"elementor-element elementor-element-03947f0 elementor-widget elementor-widget-button\" data-id=\"03947f0\" data-element_type=\"widget\" data-widget_type=\"button.default\">\n\t\t\t\t<div class=\"elementor-widget-container\">\n\t\t\t\t\t\t\t\t\t<div class=\"elementor-button-wrapper\">\n\t\t\t\t\t<a class=\"elementor-button elementor-button-link elementor-size-sm\" href=\"https:\/\/van-gogh.es\/en\/about-the-exhibition\/\">\n\t\t\t\t\t\t<span class=\"elementor-button-content-wrapper\">\n\t\t\t\t\t\t\t\t\t<span class=\"elementor-button-text\">more<\/span>\n\t\t\t\t\t<\/span>\n\t\t\t\t\t<\/a>\n\t\t\t\t<\/div>\n\t\t\t\t\t\t\t\t<\/div>\n\t\t\t\t<\/div>\n\t\t\t\t\t<\/div>\n\t\t<\/div>\n\t\t\t\t\t<\/div>\n\t\t<\/section>\n\t\t\t\t<section class=\"elementor-section elementor-top-section elementor-element elementor-element-739f9e4 elementor-section-full_width elementor-section-height-default elementor-section-height-default\" data-id=\"739f9e4\" data-element_type=\"section\" data-settings=\"{&quot;background_background&quot;:&quot;classic&quot;}\">\n\t\t\t\t\t\t<div class=\"elementor-container elementor-column-gap-default\">\n\t\t\t\t\t<div class=\"elementor-column elementor-col-100 elementor-top-column elementor-element elementor-element-6e39bda\" data-id=\"6e39bda\" data-element_type=\"column\">\n\t\t\t<div class=\"elementor-widget-wrap elementor-element-populated\">\n\t\t\t\t\t\t<div class=\"elementor-element elementor-element-480b390 elementor-arrows-position-inside elementor-widget elementor-widget-image-carousel\" data-id=\"480b390\" data-element_type=\"widget\" data-settings=\"{&quot;slides_to_show&quot;:&quot;4&quot;,&quot;navigation&quot;:&quot;arrows&quot;,&quot;autoplay&quot;:&quot;yes&quot;,&quot;pause_on_hover&quot;:&quot;yes&quot;,&quot;pause_on_interaction&quot;:&quot;yes&quot;,&quot;autoplay_speed&quot;:5000,&quot;infinite&quot;:&quot;yes&quot;,&quot;speed&quot;:500}\" data-widget_type=\"image-carousel.default\">\n\t\t\t\t<div class=\"elementor-widget-container\">\n\t\t\t\t\t\t\t<div class=\"elementor-image-carousel-wrapper swiper\" role=\"region\" aria-roledescription=\"carousel\" aria-label=\"Image Carousel\" dir=\"ltr\">\n\t\t\t<div class=\"elementor-image-carousel swiper-wrapper\" aria-live=\"off\">\n\t\t\t\t\t\t\t\t<div class=\"swiper-slide\" role=\"group\" aria-roledescription=\"slide\" aria-label=\"1 of 10\"><figure class=\"swiper-slide-inner\"><img decoding=\"async\" class=\"swiper-slide-image\" src=\"https:\/\/van-gogh.es\/wp-content\/uploads\/elementor\/thumbs\/IMG_8362-1-scaled-r8qne5u7jxzk9d5esv8dcprovcl5a9ydzowgksnabk.jpg\" alt=\"IMG_8362 (1)\" \/><\/figure><\/div><div class=\"swiper-slide\" role=\"group\" aria-roledescription=\"slide\" aria-label=\"2 of 10\"><figure class=\"swiper-slide-inner\"><img decoding=\"async\" class=\"swiper-slide-image\" src=\"https:\/\/van-gogh.es\/wp-content\/uploads\/elementor\/thumbs\/IMG_8288-copy-1-1-1-scaled-r8qndvhzgrlepnkfh8rh3admc403xltca9q4ar2m80.jpg\" alt=\"IMG_8288 copy (1) (1) (1)\" \/><\/figure><\/div><div class=\"swiper-slide\" role=\"group\" aria-roledescription=\"slide\" aria-label=\"3 of 10\"><figure class=\"swiper-slide-inner\"><img decoding=\"async\" class=\"swiper-slide-image\" src=\"https:\/\/van-gogh.es\/wp-content\/uploads\/elementor\/thumbs\/IMG_8464-1-scaled-r8qneajei45zveyl1f9i76kzu9xzcrh1oc5vz6gbgg.jpg\" alt=\"IMG_8464 (1)\" \/><\/figure><\/div><div class=\"swiper-slide\" role=\"group\" aria-roledescription=\"slide\" aria-label=\"4 of 10\"><figure class=\"swiper-slide-inner\"><img decoding=\"async\" class=\"swiper-slide-image\" src=\"https:\/\/van-gogh.es\/wp-content\/uploads\/elementor\/thumbs\/IMG_8642-1-scaled-r8qndm3lkf8jhjy304p7ecr0e9afsms0wz79hzgjy8.jpg\" alt=\"IMG_8642 (1)\" \/><\/figure><\/div><div class=\"swiper-slide\" role=\"group\" aria-roledescription=\"slide\" aria-label=\"5 of 10\"><figure class=\"swiper-slide-inner\"><img decoding=\"async\" class=\"swiper-slide-image\" src=\"https:\/\/van-gogh.es\/wp-content\/uploads\/elementor\/thumbs\/Foto-5-jpeg-scaled-qvddaqxy55r3ixg6w2odt6msj0rk1npv488sbhajuo.jpg\" alt=\"Foto 5 jpeg\" \/><\/figure><\/div><div class=\"swiper-slide\" role=\"group\" aria-roledescription=\"slide\" aria-label=\"6 of 10\"><figure class=\"swiper-slide-inner\"><img decoding=\"async\" class=\"swiper-slide-image\" src=\"https:\/\/van-gogh.es\/wp-content\/uploads\/elementor\/thumbs\/Copy-of-_PPN4063-scaled-qvdd9ll1sg6hc349lkssrh2ie2femz5oajjf7azvgg.jpeg\" alt=\"Copy of _PPN4063\" \/><\/figure><\/div><div class=\"swiper-slide\" role=\"group\" aria-roledescription=\"slide\" aria-label=\"7 of 10\"><figure class=\"swiper-slide-inner\"><img decoding=\"async\" class=\"swiper-slide-image\" src=\"https:\/\/van-gogh.es\/wp-content\/uploads\/elementor\/thumbs\/IMG_8118-scaled-qvdda2i57gtn52fous430cst3040hj0ucva5uaascg.jpg\" alt=\"IMG_8118\" \/><\/figure><\/div><div class=\"swiper-slide\" role=\"group\" aria-roledescription=\"slide\" aria-label=\"8 of 10\"><figure class=\"swiper-slide-inner\"><img decoding=\"async\" class=\"swiper-slide-image\" src=\"https:\/\/van-gogh.es\/wp-content\/uploads\/elementor\/thumbs\/IMG_8190-scaled-qvdda856ch1d2q7hxujufbdknbc7rpn8dn72py2fb4.jpg\" alt=\"IMG_8190\" \/><\/figure><\/div><div class=\"swiper-slide\" role=\"group\" aria-roledescription=\"slide\" aria-label=\"9 of 10\"><figure class=\"swiper-slide-inner\"><img decoding=\"async\" class=\"swiper-slide-image\" src=\"https:\/\/van-gogh.es\/wp-content\/uploads\/elementor\/thumbs\/IMG_8188-scaled-qvdda69hysysfia88tqlabungjlhcbfrpdw3re57nk.jpg\" alt=\"IMG_8188\" \/><\/figure><\/div><div class=\"swiper-slide\" role=\"group\" aria-roledescription=\"slide\" aria-label=\"10 of 10\"><figure class=\"swiper-slide-inner\"><img decoding=\"async\" class=\"swiper-slide-image\" src=\"https:\/\/van-gogh.es\/wp-content\/uploads\/elementor\/thumbs\/IMG_7838-1-scaled-qvdd9s5x4afhlcupj5n6qxeqjriz4uvsng3tk8q48w.jpg\" alt=\"IMG_7838\" \/><\/figure><\/div>\t\t\t<\/div>\n\t\t\t\t\t\t\t\t\t\t\t\t<div class=\"elementor-swiper-button elementor-swiper-button-prev\" role=\"button\" tabindex=\"0\">\n\t\t\t\t\t\t<i aria-hidden=\"true\" class=\"eicon-chevron-left\"><\/i>\t\t\t\t\t<\/div>\n\t\t\t\t\t<div class=\"elementor-swiper-button elementor-swiper-button-next\" role=\"button\" tabindex=\"0\">\n\t\t\t\t\t\t<i aria-hidden=\"true\" class=\"eicon-chevron-right\"><\/i>\t\t\t\t\t<\/div>\n\t\t\t\t\n\t\t\t\t\t\t\t\t\t<\/div>\n\t\t\t\t\t\t<\/div>\n\t\t\t\t<\/div>\n\t\t\t\t\t<\/div>\n\t\t<\/div>\n\t\t\t\t\t<\/div>\n\t\t<\/section>\n\t\t\t\t<section class=\"elementor-section elementor-top-section elementor-element elementor-element-5338046 elementor-section-height-min-height elementor-section-boxed elementor-section-height-default elementor-section-items-middle\" data-id=\"5338046\" data-element_type=\"section\" data-settings=\"{&quot;background_background&quot;:&quot;classic&quot;}\">\n\t\t\t\t\t\t\t<div class=\"elementor-background-overlay\"><\/div>\n\t\t\t\t\t\t\t<div class=\"elementor-container elementor-column-gap-default\">\n\t\t\t\t\t<div class=\"elementor-column elementor-col-50 elementor-top-column elementor-element elementor-element-68097c4\" data-id=\"68097c4\" data-element_type=\"column\">\n\t\t\t<div class=\"elementor-widget-wrap elementor-element-populated\">\n\t\t\t\t\t\t<div class=\"elementor-element elementor-element-01a16e6 elementor-widget elementor-widget-text-editor\" data-id=\"01a16e6\" data-element_type=\"widget\" data-widget_type=\"text-editor.default\">\n\t\t\t\t<div class=\"elementor-widget-container\">\n\t\t\t\t\t\t\t\t\t<p>One of the most delightful modern forms of the Van Gogh exhibition created thanks to modern technology.<\/p>\n\t\t\t\t\t\t\t\t<\/div>\n\t\t\t\t<\/div>\n\t\t\t\t<div class=\"elementor-element elementor-element-77ea8d0 elementor-widget elementor-widget-heading\" data-id=\"77ea8d0\" data-element_type=\"widget\" data-widget_type=\"heading.default\">\n\t\t\t\t<div class=\"elementor-widget-container\">\n\t\t\t\t\t<h2 class=\"elementor-heading-title elementor-size-default\">NBC News<\/h2>\t\t\t\t<\/div>\n\t\t\t\t<\/div>\n\t\t\t\t\t<\/div>\n\t\t<\/div>\n\t\t\t\t<div class=\"elementor-column elementor-col-50 elementor-top-column elementor-element elementor-element-fafd029\" data-id=\"fafd029\" data-element_type=\"column\">\n\t\t\t<div class=\"elementor-widget-wrap elementor-element-populated\">\n\t\t\t\t\t\t<div class=\"elementor-element elementor-element-1f7a9b7 elementor-widget elementor-widget-text-editor\" data-id=\"1f7a9b7\" data-element_type=\"widget\" data-widget_type=\"text-editor.default\">\n\t\t\t\t<div class=\"elementor-widget-container\">\n\t\t\t\t\t\t\t\t\t<p>A remarkable experience, Van Gogh&#8217;s multimedia exhibition was beautifully presented in the Emily in Paris series.<\/p>\n\t\t\t\t\t\t\t\t<\/div>\n\t\t\t\t<\/div>\n\t\t\t\t<div class=\"elementor-element elementor-element-ef084c1 elementor-widget elementor-widget-heading\" data-id=\"ef084c1\" data-element_type=\"widget\" data-widget_type=\"heading.default\">\n\t\t\t\t<div class=\"elementor-widget-container\">\n\t\t\t\t\t<h2 class=\"elementor-heading-title elementor-size-default\">The New York Times<\/h2>\t\t\t\t<\/div>\n\t\t\t\t<\/div>\n\t\t\t\t\t<\/div>\n\t\t<\/div>\n\t\t\t\t\t<\/div>\n\t\t<\/section>\n\t\t\t\t<\/div>\n\t\t","protected":false},"excerpt":{"rendered":"<p>https:\/\/www.youtube.com\/watch?v=YoFeelpVNR0https:\/\/www.youtube.com\/watch?v=wWoYYx05nPw Immersive exposition VAN GOGH &#8220;GRANDES \u00c9XITOS&#8221; from the 5th of June to the 21st of September in Palacio de Exposiciones y Congresos, ESTEPONA (M\u00e1laga) After achieving great success in major cities worldwide, now it&#8217;s time for VAN GOGH &#8220;GRANDES \u00c9XITOS&#8221; to arrive in your city. Don&#8217;t miss this immersive experience that combines art and [&hellip;]<\/p>\n","protected":false},"author":2,"featured_media":0,"parent":0,"menu_order":0,"comment_status":"closed","ping_status":"closed","template":"elementor_header_footer","meta":{"site-sidebar-layout":"no-sidebar","site-content-layout":"page-builder","ast-site-content-layout":"","site-content-style":"default","site-sidebar-style":"default","ast-global-header-display":"","ast-banner-title-visibility":"","ast-main-header-display":"","ast-hfb-above-header-display":"","ast-hfb-below-header-display":"","ast-hfb-mobile-header-display":"","site-post-title":"disabled","ast-breadcrumbs-content":"","ast-featured-img":"disabled","footer-sml-layout":"","theme-transparent-header-meta":"","adv-header-id-meta":"","stick-header-meta":"","header-above-stick-meta":"","header-main-stick-meta":"","header-below-stick-meta":"","astra-migrate-meta-layouts":"default","ast-page-background-enabled":"default","ast-page-background-meta":{"desktop":{"background-color":"var(--ast-global-color-4)","background-image":"","background-repeat":"repeat","background-position":"center center","background-size":"auto","background-attachment":"scroll","background-type":"","background-media":"","overlay-type":"","overlay-color":"","overlay-opacity":"","overlay-gradient":""},"tablet":{"background-color":"","background-image":"","background-repeat":"repeat","background-position":"center center","background-size":"auto","background-attachment":"scroll","background-type":"","background-media":"","overlay-type":"","overlay-color":"","overlay-opacity":"","overlay-gradient":""},"mobile":{"background-color":"","background-image":"","background-repeat":"repeat","background-position":"center center","background-size":"auto","background-attachment":"scroll","background-type":"","background-media":"","overlay-type":"","overlay-color":"","overlay-opacity":"","overlay-gradient":""}},"ast-content-background-meta":{"desktop":{"background-color":"var(--ast-global-color-5)","background-image":"","background-repeat":"repeat","background-position":"center center","background-size":"auto","background-attachment":"scroll","background-type":"","background-media":"","overlay-type":"","overlay-color":"","overlay-opacity":"","overlay-gradient":""},"tablet":{"background-color":"var(--ast-global-color-5)","background-image":"","background-repeat":"repeat","background-position":"center center","background-size":"auto","background-attachment":"scroll","background-type":"","background-media":"","overlay-type":"","overlay-color":"","overlay-opacity":"","overlay-gradient":""},"mobile":{"background-color":"var(--ast-global-color-5)","background-image":"","background-repeat":"repeat","background-position":"center center","background-size":"auto","background-attachment":"scroll","background-type":"","background-media":"","overlay-type":"","overlay-color":"","overlay-opacity":"","overlay-gradient":""}},"footnotes":""},"class_list":["post-1473","page","type-page","status-publish","hentry"],"yoast_head":"<!-- This site is optimized with the Yoast SEO plugin v25.7 - https:\/\/yoast.com\/wordpress\/plugins\/seo\/ -->\n<title>Home - Van Gogh<\/title>\n<meta name=\"robots\" content=\"index, follow, max-snippet:-1, max-image-preview:large, max-video-preview:-1\" \/>\n<link rel=\"canonical\" href=\"https:\/\/van-gogh.es\/en\/home2\/\" \/>\n<meta property=\"og:locale\" content=\"en_US\" \/>\n<meta property=\"og:type\" content=\"article\" \/>\n<meta property=\"og:title\" content=\"Home - Van Gogh\" \/>\n<meta property=\"og:description\" content=\"https:\/\/www.youtube.com\/watch?v=YoFeelpVNR0https:\/\/www.youtube.com\/watch?v=wWoYYx05nPw Immersive exposition VAN GOGH &#8220;GRANDES \u00c9XITOS&#8221; from the 5th of June to the 21st of September in Palacio de Exposiciones y Congresos, ESTEPONA (M\u00e1laga) After achieving great success in major cities worldwide, now it&#8217;s time for VAN GOGH &#8220;GRANDES \u00c9XITOS&#8221; to arrive in your city. Don&#8217;t miss this immersive experience that combines art and [&hellip;]\" \/>\n<meta property=\"og:url\" content=\"https:\/\/van-gogh.es\/en\/home2\/\" \/>\n<meta property=\"og:site_name\" content=\"Van Gogh\" \/>\n<meta property=\"article:modified_time\" content=\"2025-07-14T09:54:02+00:00\" \/>\n<meta property=\"og:image\" content=\"https:\/\/van-gogh.es\/wp-content\/uploads\/elementor\/thumbs\/IMG_8362-1-scaled-r8qne5u7jxzk9d5esv8dcprovcl5a9ydzowgksnabk.jpg\" \/>\n<meta name=\"twitter:card\" content=\"summary_large_image\" \/>\n<meta name=\"twitter:label1\" content=\"Est. reading time\" \/>\n\t<meta name=\"twitter:data1\" content=\"5 minutes\" \/>\n<script type=\"application\/ld+json\" class=\"yoast-schema-graph\">{\"@context\":\"https:\/\/schema.org\",\"@graph\":[{\"@type\":\"WebPage\",\"@id\":\"https:\/\/van-gogh.es\/en\/home2\/\",\"url\":\"https:\/\/van-gogh.es\/en\/home2\/\",\"name\":\"Home - Van Gogh\",\"isPartOf\":{\"@id\":\"https:\/\/van-gogh.es\/en\/#website\"},\"primaryImageOfPage\":{\"@id\":\"https:\/\/van-gogh.es\/en\/home2\/#primaryimage\"},\"image\":{\"@id\":\"https:\/\/van-gogh.es\/en\/home2\/#primaryimage\"},\"thumbnailUrl\":\"https:\/\/van-gogh.es\/wp-content\/uploads\/elementor\/thumbs\/IMG_8362-1-scaled-r8qne5u7jxzk9d5esv8dcprovcl5a9ydzowgksnabk.jpg\",\"datePublished\":\"2022-08-24T06:28:10+00:00\",\"dateModified\":\"2025-07-14T09:54:02+00:00\",\"breadcrumb\":{\"@id\":\"https:\/\/van-gogh.es\/en\/home2\/#breadcrumb\"},\"inLanguage\":\"en-US\",\"potentialAction\":[{\"@type\":\"ReadAction\",\"target\":[\"https:\/\/van-gogh.es\/en\/home2\/\"]}]},{\"@type\":\"ImageObject\",\"inLanguage\":\"en-US\",\"@id\":\"https:\/\/van-gogh.es\/en\/home2\/#primaryimage\",\"url\":\"https:\/\/van-gogh.es\/wp-content\/uploads\/elementor\/thumbs\/IMG_8362-1-scaled-r8qne5u7jxzk9d5esv8dcprovcl5a9ydzowgksnabk.jpg\",\"contentUrl\":\"https:\/\/van-gogh.es\/wp-content\/uploads\/elementor\/thumbs\/IMG_8362-1-scaled-r8qne5u7jxzk9d5esv8dcprovcl5a9ydzowgksnabk.jpg\"},{\"@type\":\"BreadcrumbList\",\"@id\":\"https:\/\/van-gogh.es\/en\/home2\/#breadcrumb\",\"itemListElement\":[{\"@type\":\"ListItem\",\"position\":1,\"name\":\"Home\",\"item\":\"https:\/\/van-gogh.es\/en\/\"},{\"@type\":\"ListItem\",\"position\":2,\"name\":\"Home\"}]},{\"@type\":\"WebSite\",\"@id\":\"https:\/\/van-gogh.es\/en\/#website\",\"url\":\"https:\/\/van-gogh.es\/en\/\",\"name\":\"Van Gogh\",\"description\":\"VINCENT VAN GOGH GRANDES EXITOS\",\"publisher\":{\"@id\":\"https:\/\/van-gogh.es\/en\/#organization\"},\"potentialAction\":[{\"@type\":\"SearchAction\",\"target\":{\"@type\":\"EntryPoint\",\"urlTemplate\":\"https:\/\/van-gogh.es\/en\/?s={search_term_string}\"},\"query-input\":{\"@type\":\"PropertyValueSpecification\",\"valueRequired\":true,\"valueName\":\"search_term_string\"}}],\"inLanguage\":\"en-US\"},{\"@type\":\"Organization\",\"@id\":\"https:\/\/van-gogh.es\/en\/#organization\",\"name\":\"Van Gogh\",\"url\":\"https:\/\/van-gogh.es\/en\/\",\"logo\":{\"@type\":\"ImageObject\",\"inLanguage\":\"en-US\",\"@id\":\"https:\/\/van-gogh.es\/en\/#\/schema\/logo\/image\/\",\"url\":\"\",\"contentUrl\":\"\",\"caption\":\"Van Gogh\"},\"image\":{\"@id\":\"https:\/\/van-gogh.es\/en\/#\/schema\/logo\/image\/\"}}]}<\/script>\n<!-- \/ Yoast SEO plugin. -->","yoast_head_json":{"title":"Home - Van Gogh","robots":{"index":"index","follow":"follow","max-snippet":"max-snippet:-1","max-image-preview":"max-image-preview:large","max-video-preview":"max-video-preview:-1"},"canonical":"https:\/\/van-gogh.es\/en\/home2\/","og_locale":"en_US","og_type":"article","og_title":"Home - Van Gogh","og_description":"https:\/\/www.youtube.com\/watch?v=YoFeelpVNR0https:\/\/www.youtube.com\/watch?v=wWoYYx05nPw Immersive exposition VAN GOGH &#8220;GRANDES \u00c9XITOS&#8221; from the 5th of June to the 21st of September in Palacio de Exposiciones y Congresos, ESTEPONA (M\u00e1laga) After achieving great success in major cities worldwide, now it&#8217;s time for VAN GOGH &#8220;GRANDES \u00c9XITOS&#8221; to arrive in your city. Don&#8217;t miss this immersive experience that combines art and [&hellip;]","og_url":"https:\/\/van-gogh.es\/en\/home2\/","og_site_name":"Van Gogh","article_modified_time":"2025-07-14T09:54:02+00:00","og_image":[{"url":"https:\/\/van-gogh.es\/wp-content\/uploads\/elementor\/thumbs\/IMG_8362-1-scaled-r8qne5u7jxzk9d5esv8dcprovcl5a9ydzowgksnabk.jpg","type":"","width":"","height":""}],"twitter_card":"summary_large_image","twitter_misc":{"Est. reading time":"5 minutes"},"schema":{"@context":"https:\/\/schema.org","@graph":[{"@type":"WebPage","@id":"https:\/\/van-gogh.es\/en\/home2\/","url":"https:\/\/van-gogh.es\/en\/home2\/","name":"Home - Van Gogh","isPartOf":{"@id":"https:\/\/van-gogh.es\/en\/#website"},"primaryImageOfPage":{"@id":"https:\/\/van-gogh.es\/en\/home2\/#primaryimage"},"image":{"@id":"https:\/\/van-gogh.es\/en\/home2\/#primaryimage"},"thumbnailUrl":"https:\/\/van-gogh.es\/wp-content\/uploads\/elementor\/thumbs\/IMG_8362-1-scaled-r8qne5u7jxzk9d5esv8dcprovcl5a9ydzowgksnabk.jpg","datePublished":"2022-08-24T06:28:10+00:00","dateModified":"2025-07-14T09:54:02+00:00","breadcrumb":{"@id":"https:\/\/van-gogh.es\/en\/home2\/#breadcrumb"},"inLanguage":"en-US","potentialAction":[{"@type":"ReadAction","target":["https:\/\/van-gogh.es\/en\/home2\/"]}]},{"@type":"ImageObject","inLanguage":"en-US","@id":"https:\/\/van-gogh.es\/en\/home2\/#primaryimage","url":"https:\/\/van-gogh.es\/wp-content\/uploads\/elementor\/thumbs\/IMG_8362-1-scaled-r8qne5u7jxzk9d5esv8dcprovcl5a9ydzowgksnabk.jpg","contentUrl":"https:\/\/van-gogh.es\/wp-content\/uploads\/elementor\/thumbs\/IMG_8362-1-scaled-r8qne5u7jxzk9d5esv8dcprovcl5a9ydzowgksnabk.jpg"},{"@type":"BreadcrumbList","@id":"https:\/\/van-gogh.es\/en\/home2\/#breadcrumb","itemListElement":[{"@type":"ListItem","position":1,"name":"Home","item":"https:\/\/van-gogh.es\/en\/"},{"@type":"ListItem","position":2,"name":"Home"}]},{"@type":"WebSite","@id":"https:\/\/van-gogh.es\/en\/#website","url":"https:\/\/van-gogh.es\/en\/","name":"Van Gogh","description":"VINCENT VAN GOGH GRANDES EXITOS","publisher":{"@id":"https:\/\/van-gogh.es\/en\/#organization"},"potentialAction":[{"@type":"SearchAction","target":{"@type":"EntryPoint","urlTemplate":"https:\/\/van-gogh.es\/en\/?s={search_term_string}"},"query-input":{"@type":"PropertyValueSpecification","valueRequired":true,"valueName":"search_term_string"}}],"inLanguage":"en-US"},{"@type":"Organization","@id":"https:\/\/van-gogh.es\/en\/#organization","name":"Van Gogh","url":"https:\/\/van-gogh.es\/en\/","logo":{"@type":"ImageObject","inLanguage":"en-US","@id":"https:\/\/van-gogh.es\/en\/#\/schema\/logo\/image\/","url":"","contentUrl":"","caption":"Van Gogh"},"image":{"@id":"https:\/\/van-gogh.es\/en\/#\/schema\/logo\/image\/"}}]}},"_links":{"self":[{"href":"https:\/\/van-gogh.es\/en\/wp-json\/wp\/v2\/pages\/1473","targetHints":{"allow":["GET"]}}],"collection":[{"href":"https:\/\/van-gogh.es\/en\/wp-json\/wp\/v2\/pages"}],"about":[{"href":"https:\/\/van-gogh.es\/en\/wp-json\/wp\/v2\/types\/page"}],"author":[{"embeddable":true,"href":"https:\/\/van-gogh.es\/en\/wp-json\/wp\/v2\/users\/2"}],"replies":[{"embeddable":true,"href":"https:\/\/van-gogh.es\/en\/wp-json\/wp\/v2\/comments?post=1473"}],"version-history":[{"count":21,"href":"https:\/\/van-gogh.es\/en\/wp-json\/wp\/v2\/pages\/1473\/revisions"}],"predecessor-version":[{"id":378594,"href":"https:\/\/van-gogh.es\/en\/wp-json\/wp\/v2\/pages\/1473\/revisions\/378594"}],"wp:attachment":[{"href":"https:\/\/van-gogh.es\/en\/wp-json\/wp\/v2\/media?parent=1473"}],"curies":[{"name":"wp","href":"https:\/\/api.w.org\/{rel}","templated":true}]}}